{"id":4610,"date":"2022-11-26T16:02:19","date_gmt":"2022-11-26T16:02:19","guid":{"rendered":"https:\/\/wesamalkhalij.com\/product\/%d9%84%d8%a7%d9%85%d8%a7-%d8%a7%d9%83%d9%8a%d8%a7%d8%b3-%d8%b1%d9%88%d9%84-%d9%86%d9%8a%d9%84%d9%88%d9%86-%d8%ad%d8%b1%d8%a7%d8%b1%d9%8a%d8%a9-%d8%b9%d8%a7%d9%84%d9%8a%d8%a9-%d8%a7%d9%84%d8%ac%d9%88\/"},"modified":"2023-01-16T08:41:27","modified_gmt":"2023-01-16T08:41:27","slug":"%d9%84%d8%a7%d9%85%d8%a7-%d8%a7%d9%83%d9%8a%d8%a7%d8%b3-%d8%b1%d9%88%d9%84-%d9%86%d9%8a%d9%84%d9%88%d9%86-%d8%ad%d8%b1%d8%a7%d8%b1%d9%8a%d8%a9-%d8%b9%d8%a7%d9%84%d9%8a%d8%a9-%d8%a7%d9%84%d8%ac%d9%88","status":"publish","type":"product","link":"https:\/\/wesamalkhalij.com\/en\/product\/%d9%84%d8%a7%d9%85%d8%a7-%d8%a7%d9%83%d9%8a%d8%a7%d8%b3-%d8%b1%d9%88%d9%84-%d9%86%d9%8a%d9%84%d9%88%d9%86-%d8%ad%d8%b1%d8%a7%d8%b1%d9%8a%d8%a9-%d8%b9%d8%a7%d9%84%d9%8a%d8%a9-%d8%a7%d9%84%d8%ac%d9%88\/","title":{"rendered":"LAMA High Quality Thermal Nylon Roll Bags for Preserving Hot and Cold Foods and Liquids in Many Sizes"},"content":{"rendered":"<h2 style=\"text-align: left\"><span style=\"color: #143466\">LAMA High Quality Thermal Nylon Roll Bags for Preserving Hot and Cold Foods and Liquids in Many <\/span><span style=\"color: #143466\">Sizes<\/span><\/h2>\n<p>&nbsp;<\/p>\n<h2 style=\"text-align: left\"><span style=\"color: #143466\">\u00a0&#8211; Size 40\u00d730, 100 bags<\/span><br \/>\n<span style=\"color: #143466\">\u00a0&#8211; Size 35\u00d725, 100 bags<\/span><br \/>\n<span style=\"color: #143466\">&#8211; Size 30\u00d720, 150 bags<\/span><br \/>\n<span style=\"color: #143466\">&#8211; Size 30\u00d720, 50 bags<\/span><\/h2>\n","protected":false},"excerpt":{"rendered":"<ul>\n<li style=\"text-align: left\">\n<h4><span style=\"color: #102b61\">Size 40\u00d730, 100 bags (Box: 48 rolls)<\/span><\/h4>\n<h4><span style=\"color: #102b61\">Size 35\u00d725, 100 bags (Box: 48 rolls)<\/span><\/h4>\n<h4><span style=\"color: #102b61\">Size 30\u00d720, 150 bags (Box: 48 rolls)<\/span><\/h4>\n<h4><span style=\"color: #102b61\">Size 30\u00d720, 50 bags (Box: 100 rolls)<\/span><\/h4>\n<\/li>\n<\/ul>\n<h4><span style=\"color: #102b61\"><img loading=\"lazy\" decoding=\"async\" class=\"alignnone wp-image-3414\" src=\"https:\/\/wesamalkhalij.com\/wp-content\/uploads\/2022\/11\/WhatsApp-Image-2022-12-13-at-11.27.19-AM-PhotoRoom-300x255.png\" alt=\"\" width=\"140\" height=\"119\" srcset=\"https:\/\/wesamalkhalij.com\/wp-content\/uploads\/2022\/11\/WhatsApp-Image-2022-12-13-at-11.27.19-AM-PhotoRoom-300x255.png 300w, https:\/\/wesamalkhalij.com\/wp-content\/uploads\/2022\/11\/WhatsApp-Image-2022-12-13-at-11.27.19-AM-PhotoRoom-500x424.png 500w, https:\/\/wesamalkhalij.com\/wp-content\/uploads\/2022\/11\/WhatsApp-Image-2022-12-13-at-11.27.19-AM-PhotoRoom.png 752w\" sizes=\"auto, (max-width: 140px) 100vw, 140px\" \/><\/span><\/h4>\n","protected":false},"featured_media":3840,"template":"","meta":{"site-sidebar-layout":"default","site-content-layout":"default","ast-main-header-display":"","ast-hfb-above-header-display":"","ast-hfb-below-header-display":"","ast-hfb-mobile-header-display":"","site-post-title":"","ast-breadcrumbs-content":"","ast-featured-img":"","footer-sml-layout":"","theme-transparent-header-meta":"default","adv-header-id-meta":"","stick-header-meta":"default","header-above-stick-meta":"","header-main-stick-meta":"","header-below-stick-meta":""},"product_cat":[51],"product_tag":[],"class_list":["post-4610","product","type-product","status-publish","has-post-thumbnail","hentry","product_cat-household-utensils","ast-product-gallery-layout-horizontal-slider","ast-product-tabs-layout-horizontal"],"yoast_head":"<!-- This site is optimized with the Yoast SEO plugin v19.12 - https:\/\/yoast.com\/wordpress\/plugins\/seo\/ -->\n<title>LAMA High Quality Thermal Nylon Roll Bags for Preserving Hot and Cold Foods and Liquids in Many Sizes - \u0645\u0648\u0642\u0639 \u0634\u0631\u0643\u0629 \u0648\u0633\u0627\u0645 \u0627\u0644\u062e\u0644\u064a\u062c<\/title>\n<meta name=\"robots\" content=\"index, follow, max-snippet:-1, max-image-preview:large, max-video-preview:-1\" \/>\n<link rel=\"canonical\" href=\"https:\/\/wesamalkhalij.com\/en\/product\/\u0644\u0627\u0645\u0627-\u0627\u0643\u064a\u0627\u0633-\u0631\u0648\u0644-\u0646\u064a\u0644\u0648\u0646-\u062d\u0631\u0627\u0631\u064a\u0629-\u0639\u0627\u0644\u064a\u0629-\u0627\u0644\u062c\u0648\/\" \/>\n<meta property=\"og:locale\" content=\"en_US\" \/>\n<meta property=\"og:type\" content=\"article\" \/>\n<meta property=\"og:title\" content=\"LAMA High Quality Thermal Nylon Roll Bags for Preserving Hot and Cold Foods and Liquids in Many Sizes - \u0645\u0648\u0642\u0639 \u0634\u0631\u0643\u0629 \u0648\u0633\u0627\u0645 \u0627\u0644\u062e\u0644\u064a\u062c\" \/>\n<meta property=\"og:description\" content=\"Size 40\u00d730, 100 bags (Box: 48 rolls) Size 35\u00d725, 100 bags (Box: 48 rolls) Size 30\u00d720, 150 bags (Box: 48 rolls) Size 30\u00d720, 50 bags (Box: 100 rolls)\" \/>\n<meta property=\"og:url\" content=\"https:\/\/wesamalkhalij.com\/en\/product\/\u0644\u0627\u0645\u0627-\u0627\u0643\u064a\u0627\u0633-\u0631\u0648\u0644-\u0646\u064a\u0644\u0648\u0646-\u062d\u0631\u0627\u0631\u064a\u0629-\u0639\u0627\u0644\u064a\u0629-\u0627\u0644\u062c\u0648\/\" \/>\n<meta property=\"og:site_name\" content=\"\u0645\u0648\u0642\u0639 \u0634\u0631\u0643\u0629 \u0648\u0633\u0627\u0645 \u0627\u0644\u062e\u0644\u064a\u062c\" \/>\n<meta property=\"article:modified_time\" content=\"2023-01-16T08:41:27+00:00\" \/>\n<meta property=\"og:image\" content=\"https:\/\/wesamalkhalij.com\/wp-content\/uploads\/2022\/11\/QL3IRU-2.jpeg\" \/>\n\t<meta property=\"og:image:width\" content=\"1929\" \/>\n\t<meta property=\"og:image:height\" content=\"1929\" \/>\n\t<meta property=\"og:image:type\" content=\"image\/jpeg\" \/>\n<meta name=\"twitter:card\" content=\"summary_large_image\" \/>\n<meta name=\"twitter:label1\" content=\"Est. reading time\" \/>\n\t<meta name=\"twitter:data1\" content=\"1 minute\" \/>\n<script type=\"application\/ld+json\" class=\"yoast-schema-graph\">{\"@context\":\"https:\/\/schema.org\",\"@graph\":[{\"@type\":\"WebPage\",\"@id\":\"https:\/\/wesamalkhalij.com\/en\/product\/%d9%84%d8%a7%d9%85%d8%a7-%d8%a7%d9%83%d9%8a%d8%a7%d8%b3-%d8%b1%d9%88%d9%84-%d9%86%d9%8a%d9%84%d9%88%d9%86-%d8%ad%d8%b1%d8%a7%d8%b1%d9%8a%d8%a9-%d8%b9%d8%a7%d9%84%d9%8a%d8%a9-%d8%a7%d9%84%d8%ac%d9%88\/\",\"url\":\"https:\/\/wesamalkhalij.com\/en\/product\/%d9%84%d8%a7%d9%85%d8%a7-%d8%a7%d9%83%d9%8a%d8%a7%d8%b3-%d8%b1%d9%88%d9%84-%d9%86%d9%8a%d9%84%d9%88%d9%86-%d8%ad%d8%b1%d8%a7%d8%b1%d9%8a%d8%a9-%d8%b9%d8%a7%d9%84%d9%8a%d8%a9-%d8%a7%d9%84%d8%ac%d9%88\/\",\"name\":\"LAMA High Quality Thermal Nylon Roll Bags for Preserving Hot and Cold Foods and Liquids in Many Sizes - \u0645\u0648\u0642\u0639 \u0634\u0631\u0643\u0629 \u0648\u0633\u0627\u0645 \u0627\u0644\u062e\u0644\u064a\u062c\",\"isPartOf\":{\"@id\":\"https:\/\/wesamalkhalij.com\/#website\"},\"datePublished\":\"2022-11-26T16:02:19+00:00\",\"dateModified\":\"2023-01-16T08:41:27+00:00\",\"breadcrumb\":{\"@id\":\"https:\/\/wesamalkhalij.com\/en\/product\/%d9%84%d8%a7%d9%85%d8%a7-%d8%a7%d9%83%d9%8a%d8%a7%d8%b3-%d8%b1%d9%88%d9%84-%d9%86%d9%8a%d9%84%d9%88%d9%86-%d8%ad%d8%b1%d8%a7%d8%b1%d9%8a%d8%a9-%d8%b9%d8%a7%d9%84%d9%8a%d8%a9-%d8%a7%d9%84%d8%ac%d9%88\/#breadcrumb\"},\"inLanguage\":\"en-US\",\"potentialAction\":[{\"@type\":\"ReadAction\",\"target\":[\"https:\/\/wesamalkhalij.com\/en\/product\/%d9%84%d8%a7%d9%85%d8%a7-%d8%a7%d9%83%d9%8a%d8%a7%d8%b3-%d8%b1%d9%88%d9%84-%d9%86%d9%8a%d9%84%d9%88%d9%86-%d8%ad%d8%b1%d8%a7%d8%b1%d9%8a%d8%a9-%d8%b9%d8%a7%d9%84%d9%8a%d8%a9-%d8%a7%d9%84%d8%ac%d9%88\/\"]}]},{\"@type\":\"BreadcrumbList\",\"@id\":\"https:\/\/wesamalkhalij.com\/en\/product\/%d9%84%d8%a7%d9%85%d8%a7-%d8%a7%d9%83%d9%8a%d8%a7%d8%b3-%d8%b1%d9%88%d9%84-%d9%86%d9%8a%d9%84%d9%88%d9%86-%d8%ad%d8%b1%d8%a7%d8%b1%d9%8a%d8%a9-%d8%b9%d8%a7%d9%84%d9%8a%d8%a9-%d8%a7%d9%84%d8%ac%d9%88\/#breadcrumb\",\"itemListElement\":[{\"@type\":\"ListItem\",\"position\":1,\"name\":\"\u0627\u0644\u0631\u0626\u064a\u0633\u064a\u0629\",\"item\":\"https:\/\/wesamalkhalij.com\/en\/home\/\"},{\"@type\":\"ListItem\",\"position\":2,\"name\":\"\u0627\u0644\u0645\u062a\u062c\u0631\",\"item\":\"https:\/\/wesamalkhalij.com\/shop-2\/\"},{\"@type\":\"ListItem\",\"position\":3,\"name\":\"LAMA High Quality Thermal Nylon Roll Bags for Preserving Hot and Cold Foods and Liquids in Many Sizes\"}]},{\"@type\":\"WebSite\",\"@id\":\"https:\/\/wesamalkhalij.com\/#website\",\"url\":\"https:\/\/wesamalkhalij.com\/\",\"name\":\"\u0645\u0648\u0642\u0639 \u0634\u0631\u0643\u0629 \u0648\u0633\u0627\u0645 \u0627\u0644\u062e\u0644\u064a\u062c\",\"description\":\"\",\"publisher\":{\"@id\":\"https:\/\/wesamalkhalij.com\/#organization\"},\"potentialAction\":[{\"@type\":\"SearchAction\",\"target\":{\"@type\":\"EntryPoint\",\"urlTemplate\":\"https:\/\/wesamalkhalij.com\/?s={search_term_string}\"},\"query-input\":\"required name=search_term_string\"}],\"inLanguage\":\"en-US\"},{\"@type\":\"Organization\",\"@id\":\"https:\/\/wesamalkhalij.com\/#organization\",\"name\":\"\u0645\u0648\u0642\u0639 \u0634\u0631\u0643\u0629 \u0648\u0633\u0627\u0645 \u0627\u0644\u062e\u0644\u064a\u062c\",\"url\":\"https:\/\/wesamalkhalij.com\/\",\"logo\":{\"@type\":\"ImageObject\",\"inLanguage\":\"en-US\",\"@id\":\"https:\/\/wesamalkhalij.com\/#\/schema\/logo\/image\/\",\"url\":\"https:\/\/wesamalkhalij.com\/wp-content\/uploads\/2022\/02\/cropped-\u0634\u0631\u0643\u0629-\u0648\u0633\u0627\u0645-\u0627\u0644\u062e\u0644\u064a\u062c-\u0644\u0644\u062a\u062c\u0627\u0631\u0629.png\",\"contentUrl\":\"https:\/\/wesamalkhalij.com\/wp-content\/uploads\/2022\/02\/cropped-\u0634\u0631\u0643\u0629-\u0648\u0633\u0627\u0645-\u0627\u0644\u062e\u0644\u064a\u062c-\u0644\u0644\u062a\u062c\u0627\u0631\u0629.png\",\"width\":744,\"height\":425,\"caption\":\"\u0645\u0648\u0642\u0639  \u0634\u0631\u0643\u0629 \u0648\u0633\u0627\u0645 \u0627\u0644\u062e\u0644\u064a\u062c\"},\"image\":{\"@id\":\"https:\/\/wesamalkhalij.com\/#\/schema\/logo\/image\/\"}}]}<\/script>\n<!-- \/ Yoast SEO plugin. -->","yoast_head_json":{"title":"LAMA High Quality Thermal Nylon Roll Bags for Preserving Hot and Cold Foods and Liquids in Many Sizes - \u0645\u0648\u0642\u0639 \u0634\u0631\u0643\u0629 \u0648\u0633\u0627\u0645 \u0627\u0644\u062e\u0644\u064a\u062c","robots":{"index":"index","follow":"follow","max-snippet":"max-snippet:-1","max-image-preview":"max-image-preview:large","max-video-preview":"max-video-preview:-1"},"canonical":"https:\/\/wesamalkhalij.com\/en\/product\/\u0644\u0627\u0645\u0627-\u0627\u0643\u064a\u0627\u0633-\u0631\u0648\u0644-\u0646\u064a\u0644\u0648\u0646-\u062d\u0631\u0627\u0631\u064a\u0629-\u0639\u0627\u0644\u064a\u0629-\u0627\u0644\u062c\u0648\/","og_locale":"en_US","og_type":"article","og_title":"LAMA High Quality Thermal Nylon Roll Bags for Preserving Hot and Cold Foods and Liquids in Many Sizes - \u0645\u0648\u0642\u0639 \u0634\u0631\u0643\u0629 \u0648\u0633\u0627\u0645 \u0627\u0644\u062e\u0644\u064a\u062c","og_description":"Size 40\u00d730, 100 bags (Box: 48 rolls) Size 35\u00d725, 100 bags (Box: 48 rolls) Size 30\u00d720, 150 bags (Box: 48 rolls) Size 30\u00d720, 50 bags (Box: 100 rolls)","og_url":"https:\/\/wesamalkhalij.com\/en\/product\/\u0644\u0627\u0645\u0627-\u0627\u0643\u064a\u0627\u0633-\u0631\u0648\u0644-\u0646\u064a\u0644\u0648\u0646-\u062d\u0631\u0627\u0631\u064a\u0629-\u0639\u0627\u0644\u064a\u0629-\u0627\u0644\u062c\u0648\/","og_site_name":"\u0645\u0648\u0642\u0639 \u0634\u0631\u0643\u0629 \u0648\u0633\u0627\u0645 \u0627\u0644\u062e\u0644\u064a\u062c","article_modified_time":"2023-01-16T08:41:27+00:00","og_image":[{"width":1929,"height":1929,"url":"https:\/\/wesamalkhalij.com\/wp-content\/uploads\/2022\/11\/QL3IRU-2.jpeg","type":"image\/jpeg"}],"twitter_card":"summary_large_image","twitter_misc":{"Est. reading time":"1 minute"},"schema":{"@context":"https:\/\/schema.org","@graph":[{"@type":"WebPage","@id":"https:\/\/wesamalkhalij.com\/en\/product\/%d9%84%d8%a7%d9%85%d8%a7-%d8%a7%d9%83%d9%8a%d8%a7%d8%b3-%d8%b1%d9%88%d9%84-%d9%86%d9%8a%d9%84%d9%88%d9%86-%d8%ad%d8%b1%d8%a7%d8%b1%d9%8a%d8%a9-%d8%b9%d8%a7%d9%84%d9%8a%d8%a9-%d8%a7%d9%84%d8%ac%d9%88\/","url":"https:\/\/wesamalkhalij.com\/en\/product\/%d9%84%d8%a7%d9%85%d8%a7-%d8%a7%d9%83%d9%8a%d8%a7%d8%b3-%d8%b1%d9%88%d9%84-%d9%86%d9%8a%d9%84%d9%88%d9%86-%d8%ad%d8%b1%d8%a7%d8%b1%d9%8a%d8%a9-%d8%b9%d8%a7%d9%84%d9%8a%d8%a9-%d8%a7%d9%84%d8%ac%d9%88\/","name":"LAMA High Quality Thermal Nylon Roll Bags for Preserving Hot and Cold Foods and Liquids in Many Sizes - \u0645\u0648\u0642\u0639 \u0634\u0631\u0643\u0629 \u0648\u0633\u0627\u0645 \u0627\u0644\u062e\u0644\u064a\u062c","isPartOf":{"@id":"https:\/\/wesamalkhalij.com\/#website"},"datePublished":"2022-11-26T16:02:19+00:00","dateModified":"2023-01-16T08:41:27+00:00","breadcrumb":{"@id":"https:\/\/wesamalkhalij.com\/en\/product\/%d9%84%d8%a7%d9%85%d8%a7-%d8%a7%d9%83%d9%8a%d8%a7%d8%b3-%d8%b1%d9%88%d9%84-%d9%86%d9%8a%d9%84%d9%88%d9%86-%d8%ad%d8%b1%d8%a7%d8%b1%d9%8a%d8%a9-%d8%b9%d8%a7%d9%84%d9%8a%d8%a9-%d8%a7%d9%84%d8%ac%d9%88\/#breadcrumb"},"inLanguage":"en-US","potentialAction":[{"@type":"ReadAction","target":["https:\/\/wesamalkhalij.com\/en\/product\/%d9%84%d8%a7%d9%85%d8%a7-%d8%a7%d9%83%d9%8a%d8%a7%d8%b3-%d8%b1%d9%88%d9%84-%d9%86%d9%8a%d9%84%d9%88%d9%86-%d8%ad%d8%b1%d8%a7%d8%b1%d9%8a%d8%a9-%d8%b9%d8%a7%d9%84%d9%8a%d8%a9-%d8%a7%d9%84%d8%ac%d9%88\/"]}]},{"@type":"BreadcrumbList","@id":"https:\/\/wesamalkhalij.com\/en\/product\/%d9%84%d8%a7%d9%85%d8%a7-%d8%a7%d9%83%d9%8a%d8%a7%d8%b3-%d8%b1%d9%88%d9%84-%d9%86%d9%8a%d9%84%d9%88%d9%86-%d8%ad%d8%b1%d8%a7%d8%b1%d9%8a%d8%a9-%d8%b9%d8%a7%d9%84%d9%8a%d8%a9-%d8%a7%d9%84%d8%ac%d9%88\/#breadcrumb","itemListElement":[{"@type":"ListItem","position":1,"name":"\u0627\u0644\u0631\u0626\u064a\u0633\u064a\u0629","item":"https:\/\/wesamalkhalij.com\/en\/home\/"},{"@type":"ListItem","position":2,"name":"\u0627\u0644\u0645\u062a\u062c\u0631","item":"https:\/\/wesamalkhalij.com\/shop-2\/"},{"@type":"ListItem","position":3,"name":"LAMA High Quality Thermal Nylon Roll Bags for Preserving Hot and Cold Foods and Liquids in Many Sizes"}]},{"@type":"WebSite","@id":"https:\/\/wesamalkhalij.com\/#website","url":"https:\/\/wesamalkhalij.com\/","name":"\u0645\u0648\u0642\u0639 \u0634\u0631\u0643\u0629 \u0648\u0633\u0627\u0645 \u0627\u0644\u062e\u0644\u064a\u062c","description":"","publisher":{"@id":"https:\/\/wesamalkhalij.com\/#organization"},"potentialAction":[{"@type":"SearchAction","target":{"@type":"EntryPoint","urlTemplate":"https:\/\/wesamalkhalij.com\/?s={search_term_string}"},"query-input":"required name=search_term_string"}],"inLanguage":"en-US"},{"@type":"Organization","@id":"https:\/\/wesamalkhalij.com\/#organization","name":"\u0645\u0648\u0642\u0639 \u0634\u0631\u0643\u0629 \u0648\u0633\u0627\u0645 \u0627\u0644\u062e\u0644\u064a\u062c","url":"https:\/\/wesamalkhalij.com\/","logo":{"@type":"ImageObject","inLanguage":"en-US","@id":"https:\/\/wesamalkhalij.com\/#\/schema\/logo\/image\/","url":"https:\/\/wesamalkhalij.com\/wp-content\/uploads\/2022\/02\/cropped-\u0634\u0631\u0643\u0629-\u0648\u0633\u0627\u0645-\u0627\u0644\u062e\u0644\u064a\u062c-\u0644\u0644\u062a\u062c\u0627\u0631\u0629.png","contentUrl":"https:\/\/wesamalkhalij.com\/wp-content\/uploads\/2022\/02\/cropped-\u0634\u0631\u0643\u0629-\u0648\u0633\u0627\u0645-\u0627\u0644\u062e\u0644\u064a\u062c-\u0644\u0644\u062a\u062c\u0627\u0631\u0629.png","width":744,"height":425,"caption":"\u0645\u0648\u0642\u0639  \u0634\u0631\u0643\u0629 \u0648\u0633\u0627\u0645 \u0627\u0644\u062e\u0644\u064a\u062c"},"image":{"@id":"https:\/\/wesamalkhalij.com\/#\/schema\/logo\/image\/"}}]}},"_links":{"self":[{"href":"https:\/\/wesamalkhalij.com\/en\/wp-json\/wp\/v2\/product\/4610","targetHints":{"allow":["GET"]}}],"collection":[{"href":"https:\/\/wesamalkhalij.com\/en\/wp-json\/wp\/v2\/product"}],"about":[{"href":"https:\/\/wesamalkhalij.com\/en\/wp-json\/wp\/v2\/types\/product"}],"wp:featuredmedia":[{"embeddable":true,"href":"https:\/\/wesamalkhalij.com\/en\/wp-json\/wp\/v2\/media\/3840"}],"wp:attachment":[{"href":"https:\/\/wesamalkhalij.com\/en\/wp-json\/wp\/v2\/media?parent=4610"}],"wp:term":[{"taxonomy":"product_cat","embeddable":true,"href":"https:\/\/wesamalkhalij.com\/en\/wp-json\/wp\/v2\/product_cat?post=4610"},{"taxonomy":"product_tag","embeddable":true,"href":"https:\/\/wesamalkhalij.com\/en\/wp-json\/wp\/v2\/product_tag?post=4610"}],"curies":[{"name":"wp","href":"https:\/\/api.w.org\/{rel}","templated":true}]}}